{"id":9041,"date":"2023-12-12T21:07:20","date_gmt":"2023-12-12T20:07:20","guid":{"rendered":"https:\/\/anabelternes.de\/academy\/"},"modified":"2025-02-01T18:04:50","modified_gmt":"2025-02-01T17:04:50","slug":"academy","status":"publish","type":"page","link":"https:\/\/anabelternes.de\/en\/academy\/","title":{"rendered":"Academy"},"content":{"rendered":"<div class=\"gb-container gb-container-f1f34249\">\n<div class=\"gb-container gb-container-c5135fde\">\n<div class=\"gb-grid-wrapper gb-grid-wrapper-fc136d91\">\n<div class=\"gb-grid-column gb-grid-column-e7f70ce7\"><div class=\"gb-container gb-container-e7f70ce7\">\n\n<h1 class=\"gb-headline gb-headline-5741d621 gb-headline-text txt-gold-gradient\">Academy<\/h1>\n\n\n\n<h2 class=\"gb-headline gb-headline-772d816a gb-headline-text\">In balance. Powerful. Shine<\/h2>\n\n\n\n<p class=\"gb-headline gb-headline-17d978bb gb-headline-text\">Discover a world in which you can find your own balance, feel your inner strength again and radiate with power &#8211; or experience how you feel young and full of energy again, as if after a refreshing transformation.<\/p>\n\n\n\n<p class=\"gb-headline gb-headline-0783759c gb-headline-text\">Our Academy picks you up exactly where you are right now and guides you at your own pace to your full strength. We support you in unfolding your full development potential and accompany you on the path to your powerful intuition. No more toxic relationships and self-doubt &#8211; we focus on the moment, looking ahead and all your opportunities.<\/p>\n\n\n\n<p class=\"gb-headline gb-headline-f22e38d9 gb-headline-text\">The result? Not only will you feel freer, lighter and happier, but you&#8217;ll also gain youthfulness while living your best self. Stand up for yourself, radiate self-confidence and come across as charismatic.<\/p>\n\n\n\n<p class=\"gb-headline gb-headline-14baee19 gb-headline-text\">Take the decisive step towards a sustainably happy life that is fulfilling, positive and powerful. Clear your old belief patterns. With us you will find the space for your personal transformation.<\/p>\n\n<\/div><\/div>\n\n<div class=\"gb-grid-column gb-grid-column-8aac5182\"><div class=\"gb-container gb-container-8aac5182\">\n\n<figure class=\"gb-block-image gb-block-image-b7cba8d6\"><img loading=\"lazy\" decoding=\"async\" width=\"456\" height=\"900\" src=\"https:\/\/anabelternes.de\/wp-content\/uploads\/2023\/12\/Angebote_Academy_Anabel-Ternes_spreadwings_048A7103_freigestellt.webp\" class=\"gb-image gb-image-b7cba8d6\" alt=\"Lebensfreude, positive Energie, Gesundheit, Wellness, Erfolg, Selbstliebe, pers\u00f6nliche Entwicklung, Motivationsbild, inspirierende Frau, Gl\u00fccksmoment, Erfolgsmotivation, Selbstvertrauen, Power-Frau, positivity, Lebensgef\u00fchl.\" title=\"Angebote_Academy_Anabel-Ternes_spreadwings_048A7103_freigestellt\" srcset=\"https:\/\/anabelternes.de\/wp-content\/uploads\/2023\/12\/Angebote_Academy_Anabel-Ternes_spreadwings_048A7103_freigestellt.webp 456w, https:\/\/anabelternes.de\/wp-content\/uploads\/2023\/12\/Angebote_Academy_Anabel-Ternes_spreadwings_048A7103_freigestellt-152x300.webp 152w\" sizes=\"auto, (max-width: 456px) 100vw, 456px\" \/> <\/figure>\n\n<\/div><\/div>\n<\/div>\n<\/div>\n<\/div><div class=\"gb-container gb-container-c1f53205\">\n<div class=\"gb-container gb-container-b506d42f\">\n<div class=\"gb-grid-wrapper gb-grid-wrapper-345a821c\">\n<div class=\"gb-grid-column gb-grid-column-c0b1ace2\"><div class=\"gb-container gb-container-c0b1ace2\"><\/div><\/div>\n\n<div class=\"gb-grid-column gb-grid-column-e20f6eca\"><div class=\"gb-container gb-container-e20f6eca\">\n\n<h3 class=\"gb-headline gb-headline-c0d6493e gb-headline-text\">Are you ready?<\/h3>\n\n\n\n<p class=\"gb-headline gb-headline-7f71ca21 gb-headline-text\"><strong>Your journey to a sustainably fulfilling and powerful life starts here.<\/strong><\/p>\n\n\n<div class=\"gb-container gb-container-07ae365f\">\n\n<a class=\"gb-button gb-button-babe2d96 gb-button-text gb-button-at-green\" href=\"https:\/\/www.skool.com\/efl-by-anabel-ternes\/\" target=\"_blank\" rel=\"nofollow noopener noreferrer\">Visit Academy<\/a>\n\n<\/div>\n<\/div><\/div>\n\n<div class=\"gb-grid-column gb-grid-column-706ba607\"><div class=\"gb-container gb-container-706ba607\"><\/div><\/div>\n<\/div>\n<\/div>\n<\/div><div class=\"gb-container gb-container-76f010d2\">\n<div class=\"gb-container gb-container-6eda83ec\">\n<div class=\"jet-listing-grid--blocks\"data-element-id=\"be12c0c6-ae90-48cd-8bbc-eb1acf05f253\"data-listing-type=\"blocks\"data-is-block=\"jet-engine\/listing-grid\"><div class=\"jet-listing-grid jet-listing\"><div class=\"jet-listing-grid__slider\" data-slider_options=\"{&quot;autoplaySpeed&quot;:5000,&quot;autoplay&quot;:true,&quot;pauseOnHover&quot;:false,&quot;infinite&quot;:true,&quot;centerMode&quot;:false,&quot;speed&quot;:500,&quot;arrows&quot;:false,&quot;dots&quot;:false,&quot;slidesToScroll&quot;:1,&quot;prevArrow&quot;:&quot;\\u003Cdiv class=\\u0027jet-listing-grid__slider-icon prev-arrow \\u0027 role=\\u0027button\\u0027 aria-label=\\u0027Previous\\u0027\\u003E\\u003Csvg width=\\u0027180\\u0027 height=\\u0027180\\u0027 viewBox=\\u00270 0 180 180\\u0027 fill=\\u0027none\\u0027 xmlns=\\u0027http:\\\/\\\/www.w3.org\\\/2000\\\/svg\\u0027\\u003E\\u003Cpath d=\\u0027M119 47.3166C119 48.185 118.668 48.9532 118.003 49.6212L78.8385 89L118.003 128.379C118.668 129.047 119 129.815 119 130.683C119 131.552 118.668 132.32 118.003 132.988L113.021 137.998C112.356 138.666 111.592 139 110.729 139C109.865 139 109.101 138.666 108.436 137.998L61.9966 91.3046C61.3322 90.6366 61 89.8684 61 89C61 88.1316 61.3322 87.3634 61.9966 86.6954L108.436 40.002C109.101 39.334 109.865 39 110.729 39C111.592 39 112.356 39.334 113.021 40.002L118.003 45.012C118.668 45.68 119 46.4482 119 47.3166Z\\u0027 fill=\\u0027black\\u0027\\\/\\u003E\\u003C\\\/svg\\u003E\\u003C\\\/div\\u003E&quot;,&quot;nextArrow&quot;:&quot;\\u003Cdiv class=\\u0027jet-listing-grid__slider-icon next-arrow \\u0027 role=\\u0027button\\u0027 aria-label=\\u0027Next\\u0027\\u003E\\u003Csvg width=\\u0027180\\u0027 height=\\u0027180\\u0027 viewBox=\\u00270 0 180 180\\u0027 fill=\\u0027none\\u0027 xmlns=\\u0027http:\\\/\\\/www.w3.org\\\/2000\\\/svg\\u0027\\u003E\\u003Cpath d=\\u0027M119 47.3166C119 48.185 118.668 48.9532 118.003 49.6212L78.8385 89L118.003 128.379C118.668 129.047 119 129.815 119 130.683C119 131.552 118.668 132.32 118.003 132.988L113.021 137.998C112.356 138.666 111.592 139 110.729 139C109.865 139 109.101 138.666 108.436 137.998L61.9966 91.3046C61.3322 90.6366 61 89.8684 61 89C61 88.1316 61.3322 87.3634 61.9966 86.6954L108.436 40.002C109.101 39.334 109.865 39 110.729 39C111.592 39 112.356 39.334 113.021 40.002L118.003 45.012C118.668 45.68 119 46.4482 119 47.3166Z\\u0027 fill=\\u0027black\\u0027\\\/\\u003E\\u003C\\\/svg\\u003E\\u003C\\\/div\\u003E&quot;,&quot;rtl&quot;:false,&quot;itemsCount&quot;:15,&quot;fade&quot;:false,&quot;slidesToShow&quot;:{&quot;desktop&quot;:4,&quot;tablet&quot;:3,&quot;mobile&quot;:2}}\" dir=\"ltr\"><div class=\"jet-listing-grid__items grid-col-desk-4 grid-col-tablet-3 grid-col-mobile-2 jet-listing-grid--2112 jet-equal-columns__wrapper\" data-queried-id=\"9041|WP_Post\" data-nav=\"{&quot;enabled&quot;:false,&quot;type&quot;:null,&quot;more_el&quot;:null,&quot;query&quot;:[],&quot;widget_settings&quot;:{&quot;lisitng_id&quot;:2112,&quot;posts_num&quot;:97,&quot;columns&quot;:4,&quot;columns_tablet&quot;:3,&quot;columns_mobile&quot;:2,&quot;column_min_width&quot;:240,&quot;column_min_width_tablet&quot;:240,&quot;column_min_width_mobile&quot;:240,&quot;inline_columns_css&quot;:true,&quot;is_archive_template&quot;:&quot;&quot;,&quot;post_status&quot;:[&quot;publish&quot;],&quot;use_random_posts_num&quot;:&quot;&quot;,&quot;max_posts_num&quot;:6,&quot;not_found_message&quot;:&quot;No data was found&quot;,&quot;is_masonry&quot;:false,&quot;equal_columns_height&quot;:true,&quot;use_load_more&quot;:&quot;&quot;,&quot;load_more_id&quot;:&quot;&quot;,&quot;load_more_type&quot;:&quot;click&quot;,&quot;load_more_offset&quot;:null,&quot;use_custom_post_types&quot;:&quot;&quot;,&quot;custom_post_types&quot;:[],&quot;hide_widget_if&quot;:&quot;&quot;,&quot;carousel_enabled&quot;:true,&quot;slides_to_scroll&quot;:1,&quot;arrows&quot;:&quot;true&quot;,&quot;arrow_icon&quot;:&quot;fa fa-angle-left&quot;,&quot;dots&quot;:&quot;&quot;,&quot;autoplay&quot;:true,&quot;pause_on_hover&quot;:&quot;true&quot;,&quot;autoplay_speed&quot;:5000,&quot;infinite&quot;:true,&quot;center_mode&quot;:&quot;&quot;,&quot;effect&quot;:&quot;slide&quot;,&quot;speed&quot;:500,&quot;inject_alternative_items&quot;:&quot;&quot;,&quot;injection_items&quot;:[],&quot;scroll_slider_enabled&quot;:&quot;&quot;,&quot;scroll_slider_on&quot;:[&quot;desktop&quot;,&quot;tablet&quot;,&quot;mobile&quot;],&quot;custom_query&quot;:false,&quot;custom_query_id&quot;:&quot;&quot;,&quot;_element_id&quot;:&quot;&quot;,&quot;collapse_first_last_gap&quot;:false,&quot;list_tag_selection&quot;:&quot;&quot;,&quot;list_items_wrapper_tag&quot;:&quot;div&quot;,&quot;list_item_tag&quot;:&quot;div&quot;,&quot;empty_items_wrapper_tag&quot;:&quot;div&quot;}}\" data-page=\"1\" data-pages=\"1\" data-listing-source=\"posts\" data-listing-id=\"2112\" data-query-id=\"\"><div class=\"jet-listing-grid__item jet-listing-dynamic-post-9876 jet-equal-columns\" data-post-id=\"9876\"  ><div class=\"gb-container gb-container-f698fa15\">\n<figure class=\"gb-block-image gb-block-image-5c06b001\"><img loading=\"lazy\" decoding=\"async\" width=\"300\" height=\"288\" src=\"https:\/\/anabelternes.de\/wp-content\/uploads\/2024\/11\/Expert_Circle_Logo.webp\" class=\"gb-image-5c06b001 at-logo-image\" alt=\"\" \/><\/figure>\n<\/div><\/div><div class=\"jet-listing-grid__item jet-listing-dynamic-post-9854 jet-equal-columns\" data-post-id=\"9854\"  ><div class=\"gb-container gb-container-f698fa15\">\n<figure class=\"gb-block-image gb-block-image-5c06b001\"><img loading=\"lazy\" decoding=\"async\" width=\"1134\" height=\"408\" src=\"https:\/\/anabelternes.de\/wp-content\/uploads\/2024\/10\/Mitglied_CDV_Signet_p_RGB.png\" class=\"gb-image-5c06b001 at-logo-image\" alt=\"Autorisierte Bildbeschreibung und -optimierung, keine Originalbilder vom Webauftritt, da kein Zugriff.\" srcset=\"https:\/\/anabelternes.de\/wp-content\/uploads\/2024\/10\/Mitglied_CDV_Signet_p_RGB.png 1134w, https:\/\/anabelternes.de\/wp-content\/uploads\/2024\/10\/Mitglied_CDV_Signet_p_RGB-300x108.png 300w, https:\/\/anabelternes.de\/wp-content\/uploads\/2024\/10\/Mitglied_CDV_Signet_p_RGB-1024x368.png 1024w, https:\/\/anabelternes.de\/wp-content\/uploads\/2024\/10\/Mitglied_CDV_Signet_p_RGB-768x276.png 768w\" sizes=\"auto, (max-width: 1134px) 100vw, 1134px\" \/><\/figure>\n<\/div><\/div><div class=\"jet-listing-grid__item jet-listing-dynamic-post-9679 jet-equal-columns\" data-post-id=\"9679\"  ><div class=\"gb-container gb-container-f698fa15\">\n<figure class=\"gb-block-image gb-block-image-5c06b001\"><img loading=\"lazy\" decoding=\"async\" width=\"500\" height=\"538\" src=\"https:\/\/anabelternes.de\/wp-content\/uploads\/2024\/08\/at-award-10-1.webp\" class=\"gb-image-5c06b001 at-logo-image\" alt=\"\" srcset=\"https:\/\/anabelternes.de\/wp-content\/uploads\/2024\/08\/at-award-10-1.webp 500w, https:\/\/anabelternes.de\/wp-content\/uploads\/2024\/08\/at-award-10-1-279x300.webp 279w\" sizes=\"auto, (max-width: 500px) 100vw, 500px\" \/><\/figure>\n<\/div><\/div><div class=\"jet-listing-grid__item jet-listing-dynamic-post-9656 jet-equal-columns\" data-post-id=\"9656\"  ><div class=\"gb-container gb-container-f698fa15\">\n<figure class=\"gb-block-image gb-block-image-5c06b001\"><img loading=\"lazy\" decoding=\"async\" width=\"250\" height=\"250\" src=\"https:\/\/anabelternes.de\/wp-content\/uploads\/2024\/07\/certified-professional-speaker.webp\" class=\"gb-image-5c06b001 at-logo-image\" alt=\"\" srcset=\"https:\/\/anabelternes.de\/wp-content\/uploads\/2024\/07\/certified-professional-speaker.webp 250w, https:\/\/anabelternes.de\/wp-content\/uploads\/2024\/07\/certified-professional-speaker-150x150.webp 150w\" sizes=\"auto, (max-width: 250px) 100vw, 250px\" \/><\/figure>\n<\/div><\/div><div class=\"jet-listing-grid__item jet-listing-dynamic-post-9502 jet-equal-columns\" data-post-id=\"9502\"  ><div class=\"gb-container gb-container-f698fa15\">\n<figure class=\"gb-block-image gb-block-image-5c06b001\"><img loading=\"lazy\" decoding=\"async\" width=\"157\" height=\"250\" src=\"https:\/\/anabelternes.de\/wp-content\/uploads\/2024\/02\/Feb24141_Get-Your-Wings-GmbH_EUBN-German-CEO-Excellence-Awards-Winners-Badge.webp\" class=\"gb-image-5c06b001 at-logo-image\" alt=\"\" \/><\/figure>\n<\/div><\/div><div class=\"jet-listing-grid__item jet-listing-dynamic-post-9488 jet-equal-columns\" data-post-id=\"9488\"  ><div class=\"gb-container gb-container-f698fa15\">\n<figure class=\"gb-block-image gb-block-image-5c06b001\"><img loading=\"lazy\" decoding=\"async\" width=\"149\" height=\"250\" src=\"https:\/\/anabelternes.de\/wp-content\/uploads\/2024\/02\/german_ceo_excellence_awards_2024.webp\" class=\"gb-image-5c06b001 at-logo-image\" alt=\"\" \/><\/figure>\n<\/div><\/div><div class=\"jet-listing-grid__item jet-listing-dynamic-post-2099 jet-equal-columns\" data-post-id=\"2099\"  ><div class=\"gb-container gb-container-f698fa15\">\n<figure class=\"gb-block-image gb-block-image-5c06b001\"><img loading=\"lazy\" decoding=\"async\" width=\"730\" height=\"250\" src=\"https:\/\/anabelternes.de\/wp-content\/uploads\/2023\/12\/at-award-9-ai.webp\" class=\"gb-image-5c06b001 at-logo-image\" alt=\"\" srcset=\"https:\/\/anabelternes.de\/wp-content\/uploads\/2023\/12\/at-award-9-ai.webp 730w, https:\/\/anabelternes.de\/wp-content\/uploads\/2023\/12\/at-award-9-ai-300x103.webp 300w\" sizes=\"auto, (max-width: 730px) 100vw, 730px\" \/><\/figure>\n<\/div><\/div><div class=\"jet-listing-grid__item jet-listing-dynamic-post-2086 jet-equal-columns\" data-post-id=\"2086\"  ><div class=\"gb-container gb-container-f698fa15\">\n<figure class=\"gb-block-image gb-block-image-5c06b001\"><img loading=\"lazy\" decoding=\"async\" width=\"250\" height=\"250\" src=\"https:\/\/anabelternes.de\/wp-content\/uploads\/2023\/12\/at-award-8.webp\" class=\"gb-image-5c06b001 at-logo-image\" alt=\"\" srcset=\"https:\/\/anabelternes.de\/wp-content\/uploads\/2023\/12\/at-award-8.webp 250w, https:\/\/anabelternes.de\/wp-content\/uploads\/2023\/12\/at-award-8-150x150.webp 150w\" sizes=\"auto, (max-width: 250px) 100vw, 250px\" \/><\/figure>\n<\/div><\/div><div class=\"jet-listing-grid__item jet-listing-dynamic-post-2082 jet-equal-columns\" data-post-id=\"2082\"  ><div class=\"gb-container gb-container-f698fa15\">\n<figure class=\"gb-block-image gb-block-image-5c06b001\"><img loading=\"lazy\" decoding=\"async\" width=\"526\" height=\"250\" src=\"https:\/\/anabelternes.de\/wp-content\/uploads\/2023\/12\/at-award-7.webp\" class=\"gb-image-5c06b001 at-logo-image\" alt=\"\" srcset=\"https:\/\/anabelternes.de\/wp-content\/uploads\/2023\/12\/at-award-7.webp 526w, https:\/\/anabelternes.de\/wp-content\/uploads\/2023\/12\/at-award-7-300x143.webp 300w\" sizes=\"auto, (max-width: 526px) 100vw, 526px\" \/><\/figure>\n<\/div><\/div><div class=\"jet-listing-grid__item jet-listing-dynamic-post-2067 jet-equal-columns\" data-post-id=\"2067\"  ><div class=\"gb-container gb-container-f698fa15\">\n<figure class=\"gb-block-image gb-block-image-5c06b001\"><img loading=\"lazy\" decoding=\"async\" width=\"844\" height=\"844\" src=\"https:\/\/anabelternes.de\/wp-content\/uploads\/2023\/12\/BMWK-Siegel-Frauen-unternehmen2018-2025_RGB.jpg\" class=\"gb-image-5c06b001 at-logo-image\" alt=\"Innovative Frauenunternehmertum Logo f\u00fcr Deutschland, women-led business leadership, Vorbild-Unternehmen 2018-2025, Unterst\u00fctzung f\u00fcr weibliche Gr\u00fcnderinnen, nachhaltige Wirtschaftsf\u00f6rderung.\" srcset=\"https:\/\/anabelternes.de\/wp-content\/uploads\/2023\/12\/BMWK-Siegel-Frauen-unternehmen2018-2025_RGB.jpg 844w, https:\/\/anabelternes.de\/wp-content\/uploads\/2023\/12\/BMWK-Siegel-Frauen-unternehmen2018-2025_RGB-300x300.jpg 300w, https:\/\/anabelternes.de\/wp-content\/uploads\/2023\/12\/BMWK-Siegel-Frauen-unternehmen2018-2025_RGB-150x150.jpg 150w, https:\/\/anabelternes.de\/wp-content\/uploads\/2023\/12\/BMWK-Siegel-Frauen-unternehmen2018-2025_RGB-768x768.jpg 768w\" sizes=\"auto, (max-width: 844px) 100vw, 844px\" \/><\/figure>\n<\/div><\/div><div class=\"jet-listing-grid__item jet-listing-dynamic-post-2054 jet-equal-columns\" data-post-id=\"2054\"  ><div class=\"gb-container gb-container-f698fa15\">\n<figure class=\"gb-block-image gb-block-image-5c06b001\"><img loading=\"lazy\" decoding=\"async\" width=\"138\" height=\"250\" src=\"https:\/\/anabelternes.de\/wp-content\/uploads\/2023\/12\/at-award-5.webp\" class=\"gb-image-5c06b001 at-logo-image\" alt=\"\" \/><\/figure>\n<\/div><\/div><div class=\"jet-listing-grid__item jet-listing-dynamic-post-2051 jet-equal-columns\" data-post-id=\"2051\"  ><div class=\"gb-container gb-container-f698fa15\">\n<figure class=\"gb-block-image gb-block-image-5c06b001\"><img loading=\"lazy\" decoding=\"async\" width=\"444\" height=\"250\" src=\"https:\/\/anabelternes.de\/wp-content\/uploads\/2023\/12\/at-award-4.webp\" class=\"gb-image-5c06b001 at-logo-image\" alt=\"\" srcset=\"https:\/\/anabelternes.de\/wp-content\/uploads\/2023\/12\/at-award-4.webp 444w, https:\/\/anabelternes.de\/wp-content\/uploads\/2023\/12\/at-award-4-300x169.webp 300w\" sizes=\"auto, (max-width: 444px) 100vw, 444px\" \/><\/figure>\n<\/div><\/div><div class=\"jet-listing-grid__item jet-listing-dynamic-post-2048 jet-equal-columns\" data-post-id=\"2048\"  ><div class=\"gb-container gb-container-f698fa15\">\n<figure class=\"gb-block-image gb-block-image-5c06b001\"><img loading=\"lazy\" decoding=\"async\" width=\"478\" height=\"250\" src=\"https:\/\/anabelternes.de\/wp-content\/uploads\/2023\/12\/at-award-3.webp\" class=\"gb-image-5c06b001 at-logo-image\" alt=\"\" srcset=\"https:\/\/anabelternes.de\/wp-content\/uploads\/2023\/12\/at-award-3.webp 478w, https:\/\/anabelternes.de\/wp-content\/uploads\/2023\/12\/at-award-3-300x157.webp 300w\" sizes=\"auto, (max-width: 478px) 100vw, 478px\" \/><\/figure>\n<\/div><\/div><div class=\"jet-listing-grid__item jet-listing-dynamic-post-2035 jet-equal-columns\" data-post-id=\"2035\"  ><div class=\"gb-container gb-container-f698fa15\">\n<figure class=\"gb-block-image gb-block-image-5c06b001\"><img loading=\"lazy\" decoding=\"async\" width=\"353\" height=\"250\" src=\"https:\/\/anabelternes.de\/wp-content\/uploads\/2023\/12\/at-award-2.webp\" class=\"gb-image-5c06b001 at-logo-image\" alt=\"\" srcset=\"https:\/\/anabelternes.de\/wp-content\/uploads\/2023\/12\/at-award-2.webp 353w, https:\/\/anabelternes.de\/wp-content\/uploads\/2023\/12\/at-award-2-300x212.webp 300w\" sizes=\"auto, (max-width: 353px) 100vw, 353px\" \/><\/figure>\n<\/div><\/div><div class=\"jet-listing-grid__item jet-listing-dynamic-post-2022 jet-equal-columns\" data-post-id=\"2022\"  ><div class=\"gb-container gb-container-f698fa15\">\n<figure class=\"gb-block-image gb-block-image-5c06b001\"><img loading=\"lazy\" decoding=\"async\" width=\"213\" height=\"250\" src=\"https:\/\/anabelternes.de\/wp-content\/uploads\/2023\/12\/at-award-1.webp\" class=\"gb-image-5c06b001 at-logo-image\" alt=\"\" \/><\/figure>\n<\/div><\/div><\/div><\/div><\/div><\/div>\n<\/div>\n<\/div>","protected":false},"excerpt":{"rendered":"","protected":false},"author":7,"featured_media":0,"parent":0,"menu_order":0,"comment_status":"closed","ping_status":"closed","template":"","meta":{"inline_featured_image":false,"footnotes":""},"class_list":["post-9041","page","type-page","status-publish"],"_links":{"self":[{"href":"https:\/\/anabelternes.de\/en\/wp-json\/wp\/v2\/pages\/9041","targetHints":{"allow":["GET"]}}],"collection":[{"href":"https:\/\/anabelternes.de\/en\/wp-json\/wp\/v2\/pages"}],"about":[{"href":"https:\/\/anabelternes.de\/en\/wp-json\/wp\/v2\/types\/page"}],"author":[{"embeddable":true,"href":"https:\/\/anabelternes.de\/en\/wp-json\/wp\/v2\/users\/7"}],"replies":[{"embeddable":true,"href":"https:\/\/anabelternes.de\/en\/wp-json\/wp\/v2\/comments?post=9041"}],"version-history":[{"count":4,"href":"https:\/\/anabelternes.de\/en\/wp-json\/wp\/v2\/pages\/9041\/revisions"}],"predecessor-version":[{"id":10413,"href":"https:\/\/anabelternes.de\/en\/wp-json\/wp\/v2\/pages\/9041\/revisions\/10413"}],"wp:attachment":[{"href":"https:\/\/anabelternes.de\/en\/wp-json\/wp\/v2\/media?parent=9041"}],"curies":[{"name":"wp","href":"https:\/\/api.w.org\/{rel}","templated":true}]}}